{"id":1225,"date":"2015-05-02T02:22:11","date_gmt":"2015-05-02T06:22:11","guid":{"rendered":"http:\/\/bmccanada.com\/?page_id=1225"},"modified":"2022-03-09T00:01:43","modified_gmt":"2022-03-09T05:01:43","slug":"distributeurs-2","status":"publish","type":"page","link":"https:\/\/www.phytonutriment.ca\/en\/distributeurs-2\/","title":{"rendered":"Distribution"},"content":{"rendered":"<div id=\"pl-1225\" class=\"panel-layout\">\n<div id=\"pg-1225-0\" class=\"panel-grid panel-has-style\" data-style=\"{&quot;background_display&quot;:&quot;tile&quot;,&quot;bottom_margin&quot;:&quot;0px&quot;,&quot;row_stretch&quot;:&quot;full-stretched&quot;}\">\n<div class=\"siteorigin-panels-stretch panel-row-style panel-row-style-for-1225-0\" data-stretch-type=\"full-stretched\">\n<div id=\"pgc-1225-0-0\" class=\"panel-grid-cell\" data-weight=\"1\">\n<div id=\"panel-1225-0-0-0\" class=\"so-panel widget widget_sow-editor panel-first-child panel-last-child\" data-index=\"0\" data-style=\"{&quot;background_image_attachment&quot;:false,&quot;background_display&quot;:&quot;cover&quot;}\">\n<div class=\"so-widget-sow-editor so-widget-sow-editor-base\">\n<h2 class=\"widget-title\"><span style=\"color: #008000; font-size: 24pt;\">Notre strat\u00e9gie de commercialisation<\/span><\/h2>\n<p class=\"siteorigin-widget-tinymce textwidget\" style=\"text-align: justify;\"><span style=\"font-family: tahoma, arial, helvetica, sans-serif;\">Notre strat\u00e9gie de commercialisation pour nos produits de la gamme \u00ab\u00a0C&amp;B\u00a0\u00bb, destin\u00e9s aux pharmacies et aux magasins de PSN, a \u00e9t\u00e9 \u00e9labor\u00e9e de mani\u00e8re \u00e0 maximiser les r\u00e9sultats des efforts de commercialisation de la compagnie et celles de ses distributeurs.\u00a0 <\/span><\/p>\n<p class=\"siteorigin-widget-tinymce textwidget\" style=\"text-align: justify;\"><span style=\"font-family: tahoma, arial, helvetica, sans-serif;\">Phytonutriment Canada r\u00e9alise que les activit\u00e9s de promotion et de publicit\u00e9 directes des produits doivent \u00eatre administr\u00e9es par des professionnels qui connaissent bien leur milieu d&rsquo;affaire. \u00a0Nous laissons donc \u00e0 chaque distributeur la responsabilit\u00e9 de promouvoir les produits dans leur(s) secteur(s) g\u00e9ographique(s) dont ils ont la responsabilit\u00e9.\u00a0 \u00c9tant consciente que les co\u00fbts de commercialisation des produits de sant\u00e9 naturels sont importants, nous offrons un soutien constant \u00e0 nos distributeurs et d\u00e9taillants comme:<\/span><\/p>\n<ul>\n<li class=\"siteorigin-widget-tinymce textwidget\" style=\"text-align: justify;\"><span style=\"font-family: tahoma, arial, helvetica, sans-serif;\"> <em>un site internet d&rsquo;une qualit\u00e9 scientifique exceptionnelle<\/em>,<\/span><\/li>\n<li class=\"siteorigin-widget-tinymce textwidget\" style=\"text-align: justify;\"><span style=\"font-family: tahoma, arial, helvetica, sans-serif;\"><em>la participation aux expositions et foires commerciales importantes, <\/em><\/span><\/li>\n<li class=\"siteorigin-widget-tinymce textwidget\" style=\"text-align: justify;\"><span style=\"font-family: tahoma, arial, helvetica, sans-serif;\"><em>la formation scientifique de leur personnel de vente et celles de leurs d\u00e9taillants,<\/em><\/span><\/li>\n<li class=\"siteorigin-widget-tinymce textwidget\" style=\"text-align: justify;\"><span style=\"font-family: tahoma, arial, helvetica, sans-serif;\"><em> le mat\u00e9riel de soutien scientifique <\/em><\/span><\/li>\n<li class=\"siteorigin-widget-tinymce textwidget\" style=\"text-align: justify;\"><span style=\"font-family: tahoma, arial, helvetica, sans-serif;\"><em>la participation \u00e0 des promotions sp\u00e9cifiques.<\/em> <\/span><\/li>\n<li class=\"siteorigin-widget-tinymce textwidget\" style=\"text-align: justify;\"><em><span style=\"font-family: tahoma, arial, helvetica, sans-serif;\">un soutien constant aux clients utilisateurs des produits en r\u00e9pondant aux questions pos\u00e9es par ces derniers. \u00c0 cet effet, le comit\u00e9 scientifique s&rsquo;assure de la validit\u00e9 scientifique des r\u00e9ponses donn\u00e9es.<\/span><\/em><\/li>\n<\/ul>\n<\/div>\n<\/div>\n<\/div>\n<\/div>\n<\/div>\n<div id=\"pg-1225-1\" class=\"panel-grid panel-has-style\" data-style=\"{&quot;padding&quot;:&quot;5%&quot;,&quot;background&quot;:&quot;#e0e0e0&quot;,&quot;background_display&quot;:&quot;tile&quot;,&quot;row_stretch&quot;:&quot;full&quot;}\">\n<div class=\"siteorigin-panels-stretch panel-row-style panel-row-style-for-1225-1\" data-stretch-type=\"full\">\n<h2 data-index=\"1\" data-style=\"{&quot;background_image_attachment&quot;:false,&quot;background_display&quot;:&quot;tile&quot;}\"><span style=\"color: #008000; font-size: 24pt;\">Nos produits<\/span><\/h2>\n<p id=\"panel-1225-1-0-0\" class=\"so-panel widget widget_sow-headline panel-first-child\" style=\"text-align: justify;\" data-index=\"1\" data-style=\"{&quot;background_image_attachment&quot;:false,&quot;background_display&quot;:&quot;tile&quot;}\"><span style=\"font-size: 12pt; text-align: justify; font-family: tahoma, arial, helvetica, sans-serif;\">Les produits de Phytonutriment Canada sont vendus au Canada et sont disponibles sous l&rsquo;appellation PC (<strong>P<\/strong>hytonutriment <strong>C<\/strong>anada).\u00a0 Nous avons de superbes produits et sommes \u00e0 la recherche constante de nouveaux distributeurs \u00e0 travers le pays.\u00a0<\/span><\/p>\n<p class=\"so-panel widget widget_sow-headline panel-first-child\" style=\"text-align: justify;\" data-index=\"1\" data-style=\"{&quot;background_image_attachment&quot;:false,&quot;background_display&quot;:&quot;tile&quot;}\"><span style=\"font-size: 12pt; text-align: justify; font-family: tahoma, arial, helvetica, sans-serif;\">Phytonutriment Canada se fait conna\u00eetre par son site internet et par ses pr\u00e9sences aux expositions sp\u00e9cialis\u00e9es importantes. \u00a0Cette approche a d\u00e9j\u00e0 permis d&rsquo;\u00e9tablir de bonnes ententes avec des distributeurs de Pologne, du Japon et de la Chine.<\/span><\/p>\n<p class=\"so-panel widget widget_sow-headline panel-first-child\" style=\"text-align: justify;\" data-index=\"1\" data-style=\"{&quot;background_image_attachment&quot;:false,&quot;background_display&quot;:&quot;tile&quot;}\"><span style=\"font-size: 12pt; text-align: justify; font-family: tahoma, arial, helvetica, sans-serif;\"> Visitez la <a title=\"Boutique\" href=\"https:\/\/www.phytonutriment.ca\/en\/\">Boutique<\/a> <\/span><\/p>\n<p data-index=\"1\" data-style=\"{&quot;background_image_attachment&quot;:false,&quot;background_display&quot;:&quot;tile&quot;}\">\u00a0<\/p>\n<h2 data-index=\"1\" data-style=\"{&quot;background_image_attachment&quot;:false,&quot;background_display&quot;:&quot;tile&quot;}\"><span style=\"color: #008000;\">Marque priv\u00e9e<\/span><\/h2>\n<p class=\"so-panel widget widget_sow-headline panel-first-child\" style=\"text-align: justify;\" data-index=\"1\" data-style=\"{&quot;background_image_attachment&quot;:false,&quot;background_display&quot;:&quot;tile&quot;}\"><span style=\"font-size: 12pt; text-align: justify; font-family: tahoma, arial, helvetica, sans-serif;\">Nous offrons la possibilit\u00e9 d&#8217;emballer nos produits sous votre propre marque priv\u00e9e.\u00a0 \u00c9videmment, une bonne entente commerciale devra \u00eatre conclue pour \u00e9tablir les quantit\u00e9s\u00a0 de commandes minimum annuelles.\u00a0 Vous devrez nous fournir les fournitures d&#8217;emballage telles que: \u00e9tiquettes, bo\u00eetes d&#8217;emballage etc&#8230; pour pr\u00e9senter \u00ab\u00a0vos\u00a0\u00bb produits.\u00a0 <\/span><span style=\"font-family: tahoma, arial, helvetica, sans-serif; font-size: inherit;\">Il est \u00e0 noter que les produits sous marque priv\u00e9e sont identiques aux n\u00f4tres et portent les m\u00eames num\u00e9ros de licence de commercialisation de Sant\u00e9 Canada.<\/span><\/p>\n<div id=\"pgc-1225-1-1\" class=\"panel-grid-cell\" data-weight=\"0.501137656428\">\n<p data-index=\"3\" data-style=\"{&quot;background_image_attachment&quot;:false,&quot;background_display&quot;:&quot;tile&quot;}\">\u00a0<\/p>\n<p id=\"panel-1225-1-1-0\" class=\"so-panel widget widget_sow-headline panel-first-child\" style=\"text-align: justify;\" data-index=\"3\" data-style=\"{&quot;background_image_attachment&quot;:false,&quot;background_display&quot;:&quot;tile&quot;}\"><span style=\"color: #008000; font-family: 'Open Sans', sans-serif; font-size: 1.95em;\">Sp\u00e9cifications pour distributeurs qui importent nos produits<\/span><\/p>\n<div id=\"panel-1225-1-1-1\" class=\"so-panel widget widget_sow-editor panel-last-child\" data-index=\"4\" data-style=\"{&quot;background_image_attachment&quot;:false,&quot;background_display&quot;:&quot;tile&quot;}\">\n<div class=\"so-widget-sow-editor so-widget-sow-editor-base\">\n<div class=\"siteorigin-widget-tinymce textwidget\">\n<p style=\"text-align: justify;\"><span style=\"font-family: tahoma, arial, helvetica, sans-serif;\">Premi\u00e8rement, il est n\u00e9cessaire de faire accepter les produits de sant\u00e9 naturels par les autorit\u00e9s r\u00e9glementaires de votre pays et d&rsquo;en assurer vous-m\u00eames la promotion.\u00a0 Nous prendrons entente sur des conditions g\u00e9n\u00e9rales incluant des quotas minimum d&rsquo;achats annuels.\u00a0 Le transporteur sera la responsabilit\u00e9 du distributeur. <\/span><\/p>\n<h3 style=\"text-align: justify;\"><span style=\"font-family: helvetica, arial, sans-serif;\"><span style=\"color: #008000;\">Publicit\u00e9s<\/span><\/span><\/h3>\n<p style=\"text-align: justify;\"><span style=\"font-family: tahoma, arial, helvetica, sans-serif;\">Les publicit\u00e9s faites sur nos produits doivent <em>se limiter strictement aux faits scientifiques que nous publions sur notre site internet, particuli\u00e8rement pour les usages permis par Sant\u00e9 Canada pour chacun d&rsquo;eux.<\/em><\/span><\/p>\n<\/div>\n<div class=\"siteorigin-widget-tinymce textwidget\"><\/div>\n<\/div>\n<\/div>\n<\/div>\n<\/div>\n<\/div>\n<div id=\"pg-1225-2\" class=\"panel-grid panel-no-style\" data-style=\"{&quot;background_image_attachment&quot;:false,&quot;background_display&quot;:&quot;tile&quot;,&quot;cell_alignment&quot;:&quot;flex-start&quot;}\" data-ratio=\"1\" data-ratio-direction=\"right\">\n<div id=\"pgc-1225-2-0\" class=\"panel-grid-cell\" data-weight=\"1\">\n<div id=\"panel-1225-2-0-0\" class=\"so-panel widget widget_frm_show_form panel-first-child panel-last-child\" data-index=\"5\" data-style=\"{&quot;background&quot;:&quot;#ffffff&quot;,&quot;background_image_attachment&quot;:false,&quot;background_display&quot;:&quot;tile&quot;,&quot;font_color&quot;:&quot;#00601d&quot;}\">\n<div class=\"panel-widget-style panel-widget-style-for-1225-2-0-0\"><\/div>\n<\/div>\n<\/div>\n<\/div>\n<\/div>\n\n\n<div class=\"wp-block-buttons is-content-justification-center is-layout-flex wp-block-buttons-is-layout-flex\">\n<div class=\"wp-block-button has-custom-width wp-block-button__width-75\"><a class=\"wp-block-button__link has-background\" href=\"\/\/phytonutriment.ca\/contact\/\" style=\"background-color:#008000\" target=\"_blank\" rel=\"noreferrer noopener\"><strong>Contactez-nous maintenant<\/strong><\/a><\/div>\n<\/div>\n\n\n\n<p><\/p>","protected":false},"excerpt":{"rendered":"<p>Notre strat\u00e9gie de commercialisation Notre strat\u00e9gie de commercialisation pour nos produits de la gamme \u00ab\u00a0C&amp;B\u00a0\u00bb, destin\u00e9s aux pharmacies et aux<\/p>","protected":false},"author":1,"featured_media":8897,"parent":0,"menu_order":0,"comment_status":"closed","ping_status":"closed","template":"","meta":{"colormag_page_container_layout":"default_layout","colormag_page_sidebar_layout":"default_layout","footnotes":""},"class_list":["post-1225","page","type-page","status-publish","has-post-thumbnail","hentry"],"_links":{"self":[{"href":"https:\/\/www.phytonutriment.ca\/en\/wp-json\/wp\/v2\/pages\/1225","targetHints":{"allow":["GET"]}}],"collection":[{"href":"https:\/\/www.phytonutriment.ca\/en\/wp-json\/wp\/v2\/pages"}],"about":[{"href":"https:\/\/www.phytonutriment.ca\/en\/wp-json\/wp\/v2\/types\/page"}],"author":[{"embeddable":true,"href":"https:\/\/www.phytonutriment.ca\/en\/wp-json\/wp\/v2\/users\/1"}],"replies":[{"embeddable":true,"href":"https:\/\/www.phytonutriment.ca\/en\/wp-json\/wp\/v2\/comments?post=1225"}],"version-history":[{"count":23,"href":"https:\/\/www.phytonutriment.ca\/en\/wp-json\/wp\/v2\/pages\/1225\/revisions"}],"predecessor-version":[{"id":10171,"href":"https:\/\/www.phytonutriment.ca\/en\/wp-json\/wp\/v2\/pages\/1225\/revisions\/10171"}],"wp:featuredmedia":[{"embeddable":true,"href":"https:\/\/www.phytonutriment.ca\/en\/wp-json\/wp\/v2\/media\/8897"}],"wp:attachment":[{"href":"https:\/\/www.phytonutriment.ca\/en\/wp-json\/wp\/v2\/media?parent=1225"}],"curies":[{"name":"wp","href":"https:\/\/api.w.org\/{rel}","templated":true}]}}