{"id":3004,"date":"2021-02-02T19:51:00","date_gmt":"2021-02-03T00:51:00","guid":{"rendered":"http:\/\/www.phytonutriment.ca\/?page_id=3004"},"modified":"2022-03-09T00:04:41","modified_gmt":"2022-03-09T05:04:41","slug":"nos-valeurs-2","status":"publish","type":"page","link":"https:\/\/www.phytonutriment.ca\/en\/nos-valeurs-2\/","title":{"rendered":"Nos valeurs"},"content":{"rendered":"<p><a href=\"http:\/\/www.phytonutriment.ca\/en\/loi\/\"><img loading=\"lazy\" decoding=\"async\" class=\"alignleft wp-image-4104\" src=\"http:\/\/www.phytonutriment.ca\/wp-content\/uploads\/2017\/06\/loi_1498630109-516x500.png\" alt=\"L,objectivit\u00e9 fait partie de nos valeurs- Objectivity is part of our value\" width=\"232\" height=\"225\" srcset=\"https:\/\/www.phytonutriment.ca\/wp-content\/uploads\/2017\/06\/loi_1498630109-516x500.png 516w, https:\/\/www.phytonutriment.ca\/wp-content\/uploads\/2017\/06\/loi_1498630109.png 640w\" sizes=\"auto, (max-width: 232px) 100vw, 232px\" \/><\/a><\/p>\n<h2><span style=\"color: #008000;\">Objectivit\u00e9<\/span><\/h2>\n<p style=\"text-align: justify;\">Notre industrie est en constante \u00e9volution et parfois parsem\u00e9e de contradictions. Ceci s\u2019explique en partie par le fait que la phytoth\u00e9rapie et autres m\u00e9decines douces sont souvent bas\u00e9es sur des connaissances ancestrales connues depuis toujours mais qui n\u2019ont pas encore \u00e9t\u00e9 cliniquement d\u00e9montr\u00e9es par la science occidentale.\u00a0\u00a0Le principal but de Sant\u00e9 Canada est la s\u00e9curit\u00e9 des canadiens qui consomment les produits que nous fabriquons. La r\u00e9glementation qui r\u00e9gie les produits de sant\u00e9 naturels est \u00e9videmment moins contraignante que celle des m\u00e9dicaments qui est plus stricte.\u00a0 Le danger potentiel des ingr\u00e9dients pharmaceutiques est g\u00e9n\u00e9ralement beaucoup plus grand que dans le cas des ingr\u00e9dients m\u00e9dicinaux et non-m\u00e9dicinaux qui font partie du lexique m\u00e9dicinal des plantes et autres substances permises par Sant\u00e9 Canada pour la fabrication des produits de sant\u00e9 naturels.\u00a0 Enfin, le co\u00fbt des \u00e9tudes cliniques qui sont n\u00e9cessaires \u00e0 l\u2019approbation des m\u00e9dicaments d\u2019ordonnance se chiffre par dizaines, centaines quand ce n\u2019est pas par milliards de dollars et leurs programmes de recherche et d\u00e9veloppement des m\u00e9dicaments se d\u00e9roulent souvent\u00a0 sur 10, 15 et m\u00eame 20 ans.<\/p>\n<p style=\"text-align: justify;\">Cet \u00e9tat de fait nous emm\u00e8ne souvent devant des situations assez contradictoires.\u00a0 Par exemple, la tr\u00e8s grande majorit\u00e9 des \u00e9tudes scientifiques sur la canneberge am\u00e9ricaine s\u2019accordent sur le fait qu\u2019elle aide \u00e0 pr\u00e9venir les infections urinaires.\u00a0 Cependant, \u00e0 quasi chaque mois, une autre \u00e9tude remet en doute les premi\u00e8res\u00a0 constatations. \u00a0Et c\u2019est la contre-attaque de ceux dont les \u00e9tudes sont mises en doute et qui expliquent pourquoi la derni\u00e8re \u00e9tude se contredit d&rsquo;elle-m\u00eame.\u00a0 Dans de tel cas, chez Phytonutriment, nous d\u00e9crivons la situation, nous donnons notre position, mais sans plus. \u00a0Certaines personnes y croient et d&rsquo;autres n\u2019y croient pas.\u00a0 Notre r\u00f4le n\u2019est pas d\u2019influencer mais bien d\u2019informer.<\/p>\n<p style=\"text-align: justify;\">Concernant le cas de la canneberge, nous croyons qu&rsquo;elle peut aider \u00e0 pr\u00e9venir les infections urinaires et m\u00eame aider \u00e0 gu\u00e9rir certaines infections b\u00e9nignes. <a title=\"Compos\u00e9s ph\u00e9noliques de l\u2019airelle rouge (Vaccinium vitis-idaea)\" href=\"https:\/\/www.phytonutriment.ca\/en\/bioactivite-de-lairelle-rouge-vaccinium-vitis-idaea\/\">Compos\u00e9s ph\u00e9noliques de l\u2019airelle rouge (Vaccinium vitis-idaea)<\/a>\u00a0Nous croyons cependant que les produits de sant\u00e9 naturels \u00e0 base de canneberge ne fonctionnent pas pour tous et que pour augmenter les chances d\u2019efficacit\u00e9 des produits, le choix des mati\u00e8res premi\u00e8res que nous employons dans nos formulations, dont les poudres, se doivent d\u2019\u00eatre de premi\u00e8re qualit\u00e9 et de grade nutraceutique et non alimentaire.\u00a0 Malheureusement, ce n&rsquo;est pas toujours la priorit\u00e9 de plusieurs fabricants dans l\u2019industrie des produits de sant\u00e9 naturels.\u00a0 C&rsquo;est pourquoi il est prioritaire de bien v\u00e9rifier l&rsquo;\u00e9tiquette des produits que vous achetez et de bien faire la comparaison des produits que vous voulez acheter.\u00a0 Si vous aviez des questions \u00e0 cet \u00e9gard sur nos propres produits, nous vous invitons \u00e0 communiquer avec nous au\u00a0 info@phytonutriment.ca<\/p>\n<h2><\/h2>\n<h2><span style=\"color: #008000;\">Authenticit\u00e9 &amp; transparence<\/span><\/h2>\n<p style=\"text-align: justify;\">Tous les m\u00e9dicaments et les substances m\u00e9dicinales naturelles ont leurs limites et par le fait m\u00eame nos produits aussi. De plus, ils peuvent \u00eatre efficaces chez certaines personnes et inefficaces chez d\u2019autres.\u00a0 Pourquoi ?<\/p>\n<p style=\"text-align: justify;\"><img loading=\"lazy\" decoding=\"async\" class=\"wp-image-5785 aligncenter\" src=\"https:\/\/www.phytonutriment.ca\/wp-content\/uploads\/2017\/07\/poudre-de-canneberge.jpg\" alt=\"Canneberges et poudre de canneberge\" width=\"341\" height=\"239\" srcset=\"https:\/\/www.phytonutriment.ca\/wp-content\/uploads\/2017\/07\/poudre-de-canneberge.jpg 700w, https:\/\/www.phytonutriment.ca\/wp-content\/uploads\/2017\/07\/poudre-de-canneberge-250x175.jpg 250w, https:\/\/www.phytonutriment.ca\/wp-content\/uploads\/2017\/07\/poudre-de-canneberge-400x280.jpg 400w\" sizes=\"auto, (max-width: 341px) 100vw, 341px\" \/>Si nous reprenons l&rsquo;exemple de la canneberge, la communaut\u00e9 scientifique accepte son efficacit\u00e9 mais les raisons exactes demeurent encore quelque peu obscurs. \u00a0Il y a quelques ann\u00e9es, on pensait que l&rsquo;acidit\u00e9 du fruit emp\u00eachait les bact\u00e9ries, particuli\u00e8rement la E coli, de se d\u00e9velopper pour comprendre quelques ann\u00e9es plus tard que c&rsquo;\u00e9taient principalement les proanthocyanes de la canneberge qui se fixaient aux adh\u00e9sines de la bact\u00e9rie E coli l&#8217;emp\u00eachant ainsi de se coller aux parois du tube urinaire et de d\u00e9velopper ainsi l&rsquo;infection. <a title=\"Canneberge am\u00e9ricaine (vaccinium macrocarpon)\" href=\"https:\/\/www.phytonutriment.ca\/en\/canneberge-9\/\">Canneberge am\u00e9ricaine (vaccinium macrocarpon)<\/a> \u00a0Aujourd&rsquo;hui, nous savons qu&rsquo;il faut prendre des quantit\u00e9s journali\u00e8res minimales de produit de canneberge pour esp\u00e9rer des r\u00e9sultats contre les infections urinaires r\u00e9currentes ou cystites.\u00a0 Il faut aussi identifier d&rsquo;autres polyph\u00e9nols qui agissent de concert avec les proanthocyanes.\u00a0 Afin de rendre accessible le maximum d\u2019informations sur nos produits, nous fournissons une fiche compl\u00e8te sur les sp\u00e9cifications sur chacun d\u2019eux et donnons toutes les informations de base qui vous sont n\u00e9cessaires lorsque vous analysez le produit lors de son achat.\u00a0 Des fiches techniques sur les poudres employ\u00e9es sont aussi disponibles sur le site.Il est \u00e0 noter que notre \u00e9quipe demeure disponible pour r\u00e9pondre \u00e0 toute question qui touche nos produits.\u00a0 Visitez notre boutique\u00a0<a title=\"Boutique\" href=\"https:\/\/www.phytonutriment.ca\/en\/\">Boutique<\/a><\/p>\n<h2><\/h2>\n<h2><span style=\"color: #008000;\">Discipline et rigueur scientifique<\/span><\/h2>\n<p style=\"text-align: justify;\">La discipline et la rigidit\u00e9 scientifique est \u00e0 la base de toutes les activit\u00e9s de Phytonutriment Canada. \u00a0Nous avons un comit\u00e9 scientifique et toutes les informations que nous publions ont \u00e9t\u00e9 v\u00e9rifi\u00e9es et ont re\u00e7u son aval. Par contre, si \u00e0 la lecture des articles scientifiques qui accompagnent les textes vous relevez certaines erreurs ou que vous soyez en d\u00e9saccord avec ce qui est avanc\u00e9, nous vous invitons \u00e0 nous contacter. Nous en discuterons et advenant que vous ayez raison, nous apporterons imm\u00e9diatement les corrections n\u00e9cessaires.<\/p>\n<h2><\/h2>\n<h2><span style=\"color: #008000;\">Innovation\/ cr\u00e9ativit\u00e9\/ efficacit\u00e9 des produits<\/span><\/h2>\n<p style=\"text-align: justify;\">L\u2019innovation, la cr\u00e9ativit\u00e9 et l\u2019efficacit\u00e9 sont les principaux moteurs sur lesquels se base l&rsquo;\u00e9laboration de nos produits.\u00a0 Comme le domaine m\u00e9dicinal est tr\u00e8s vaste et que nos ressources ne nous permettent pas de faire des produits de sant\u00e9 naturels cr\u00e9atifs, innovants et efficaces en nombre suffisant pour couvrir toutes les maladies possibles, nous concentrons nos efforts sur des probl\u00e8mes de sant\u00e9 tr\u00e8s pr\u00e9cis tels que les infections urinaires, les maladies de la prostate, celles du cerveau et enfin, sur le bien-\u00eatre sexuel.\u00a0 Lire articles vari\u00e9s sur ces sujets sur notre blogue\u00a0<a title=\"BLOGUE\" href=\"https:\/\/www.phytonutriment.ca\/en\/blogue-blog\/\">BLOGUE<\/a><\/p>\n<p><a href=\"http:\/\/www.phytonutriment.ca\/en\/innovation\/\"><img loading=\"lazy\" decoding=\"async\" class=\"alignright wp-image-5800\" src=\"http:\/\/www.phytonutriment.ca\/wp-content\/uploads\/2017\/07\/innovation_1501097911.jpg\" alt=\"Innover dans le monde des v\u00e9g\u00e9taux\" width=\"244\" height=\"368\" srcset=\"https:\/\/www.phytonutriment.ca\/wp-content\/uploads\/2017\/07\/innovation_1501097911.jpg 424w, https:\/\/www.phytonutriment.ca\/wp-content\/uploads\/2017\/07\/innovation_1501097911-331x500.jpg 331w\" sizes=\"auto, (max-width: 244px) 100vw, 244px\" \/><\/a><\/p>\n<p style=\"text-align: justify;\">Afin d&rsquo;\u00e9laborer les meilleurs produits qui soient, nous utilisons des poudres normalis\u00e9es de la plus haute qualit\u00e9 possible. Les poudres sont fabriqu\u00e9es \u00e0 partir de canneberges enti\u00e8res (pelure, pulpe, p\u00e9pins, jus) et leurs efficacit\u00e9s sur les infections urinaires et sur certaines maladies de la prostate ont \u00e9t\u00e9 prouv\u00e9es avec des essais cliniques.\u00a0 Nous \u00e9laborons des formulations scientifiques cr\u00e9dibles dont l\u2019efficacit\u00e9 des amalgames retenus a aussi \u00e9t\u00e9 d\u00e9montr\u00e9e sur les humains.<\/p>\n<p style=\"text-align: justify;\">Pour compl\u00e9ter notre savoir, nous nous associons \u00e0 des centres de recherches universitaires et priv\u00e9s. Par exemple, Le laboratoire LASEVE de l\u2019Universit\u00e9 du Qu\u00e9bec \u00e0 Chicoutimi, l\u2019Universit\u00e9 de Montr\u00e9al, Les produits L\u00e9o D\u00e9silets, TransBiotech, Entreprises Michel Sasseville, Nutra Canada et MNK Recherches sont des partenaires pr\u00e9sents ou pass\u00e9s.<\/p>\n<p style=\"text-align: justify;\">L\u2019\u00e9quipe qui entoure Phytonutriment Canada se classe parmi les plus avanc\u00e9s au monde pour ses connaissances sur les effets m\u00e9dicinaux des phytonutriments, particuli\u00e8rement ceux qui origine des for\u00eats du nord canadien.\u00a0\u00a0<a title=\"Un phytonutriment c\u2019est quoi?\" href=\"https:\/\/www.phytonutriment.ca\/en\/2360-2\/\">Un phytonutriment c\u2019est quoi?<\/a><\/p>\n<h2><\/h2>\n<h2><span style=\"color: #008000;\">R\u00e9glementation gouvernementale qui nous gouverne, Sant\u00e9 Canada<\/span><\/h2>\n<p style=\"text-align: justify;\">Pour nous, la r\u00e9glementation gouvernementale est au c\u0153ur de nos activit\u00e9s et devient une valeur en soi. La r\u00e9glementation de Sant\u00e9 Canada sur l\u2019industrie des produits de sant\u00e9 naturels est devenue l\u2019une des plus s\u00e9v\u00e8res et des plus strictes au monde. Avec cette nouvelle r\u00e9glementation, la fa\u00e7on de d\u00e9velopper et de fabriquer un produit de sant\u00e9 naturel devant \u00eatre approuv\u00e9 et reconnu par Sant\u00e9 Canada tend de plus en plus \u00e0 rejoindre celle employ\u00e9e par l\u2019industrie du m\u00e9dicament.<img loading=\"lazy\" decoding=\"async\" class=\"size-full wp-image-687 alignleft\" src=\"http:\/\/www.phytonutriment.ca\/wp-content\/uploads\/2015\/03\/sante-canada.jpg\" alt=\"\" width=\"170\" height=\"113\" \/><\/p>\n<p style=\"text-align: justify;\">Dor\u00e9navant, pour pouvoir introduire un produit dans un magasin de produits de sant\u00e9 naturels et\/ou une pharmacie au Canada, le produit doit obligatoirement d\u00e9tenir une licence de commercialisation \u00e9mise par Sant\u00e9 Canada. Phytonutriment Canada d\u00e9tient une licence de commercialisation pour chacune de ses formulations m\u00e9dicinales. Phytonutriment Canada se conforme et essaie, par ses connaissance scientifiques, de surpasser les nouvelles exigences de Sant\u00e9 Canada.<\/p>","protected":false},"excerpt":{"rendered":"<p>Nos valeurs sont bas\u00e9es sur l&rsquo;objectivit\u00e9, l&rsquo;authenticit\u00e9, la discipline et la rigueur scientifique.<\/p>","protected":false},"author":1,"featured_media":0,"parent":0,"menu_order":0,"comment_status":"closed","ping_status":"closed","template":"","meta":{"colormag_page_container_layout":"default_layout","colormag_page_sidebar_layout":"default_layout","footnotes":""},"class_list":["post-3004","page","type-page","status-publish","hentry"],"_links":{"self":[{"href":"https:\/\/www.phytonutriment.ca\/en\/wp-json\/wp\/v2\/pages\/3004","targetHints":{"allow":["GET"]}}],"collection":[{"href":"https:\/\/www.phytonutriment.ca\/en\/wp-json\/wp\/v2\/pages"}],"about":[{"href":"https:\/\/www.phytonutriment.ca\/en\/wp-json\/wp\/v2\/types\/page"}],"author":[{"embeddable":true,"href":"https:\/\/www.phytonutriment.ca\/en\/wp-json\/wp\/v2\/users\/1"}],"replies":[{"embeddable":true,"href":"https:\/\/www.phytonutriment.ca\/en\/wp-json\/wp\/v2\/comments?post=3004"}],"version-history":[{"count":6,"href":"https:\/\/www.phytonutriment.ca\/en\/wp-json\/wp\/v2\/pages\/3004\/revisions"}],"predecessor-version":[{"id":12605,"href":"https:\/\/www.phytonutriment.ca\/en\/wp-json\/wp\/v2\/pages\/3004\/revisions\/12605"}],"wp:attachment":[{"href":"https:\/\/www.phytonutriment.ca\/en\/wp-json\/wp\/v2\/media?parent=3004"}],"curies":[{"name":"wp","href":"https:\/\/api.w.org\/{rel}","templated":true}]}}