{"id":4979,"date":"2023-03-11T22:18:04","date_gmt":"2023-03-12T03:18:04","guid":{"rendered":"http:\/\/www.phytonutriment.ca\/?page_id=4979"},"modified":"2023-03-16T20:53:37","modified_gmt":"2023-03-17T00:53:37","slug":"blogue-blog","status":"publish","type":"page","link":"https:\/\/www.phytonutriment.ca\/en\/blogue-blog\/","title":{"rendered":"Blogue"},"content":{"rendered":"","protected":false},"excerpt":{"rendered":"<p>Notre blogue traite des phytonutriments et leurs r\u00f4les sur la sant\u00e9 particuli\u00e8rement sur les infections urinaires, les cystites, les probl\u00e8mes li\u00e9s \u00e0 la prostate, les d\u00e9clins c\u00e9r\u00e9bral et sexuel. \u00a0On y traite aussi des plantes aphrodisiaques et leurs effets sur la libido. Pour que la relation sexuelle soit compl\u00e8te il faut aussi des \u00e9rections solides et durables et pour se faire, c&rsquo;est le corps caverneux situ\u00e9 dans le p\u00e9nis mais aussi autour du clitoris qui entre en action pour introduire dans l&rsquo;organe le flux sanguin n\u00e9cessaire. Le corps caverneux se stimule par le nitrate et les deux aliments qui en contiennent le plus sont l&rsquo;\u00e9pinard et la betterave.<\/p>\n<p>[the-post-grid id=\u00a0\u00bb3395&Prime; title=\u00a0\u00bbBlogue\u00a0\u00bb]<\/p>\n","protected":false},"author":1,"featured_media":11994,"parent":0,"menu_order":0,"comment_status":"closed","ping_status":"closed","template":"page-templates\/page-builder.php","meta":{"colormag_page_container_layout":"default_layout","colormag_page_sidebar_layout":"default_layout","footnotes":""},"class_list":["post-4979","page","type-page","status-publish","has-post-thumbnail","hentry"],"_links":{"self":[{"href":"https:\/\/www.phytonutriment.ca\/en\/wp-json\/wp\/v2\/pages\/4979","targetHints":{"allow":["GET"]}}],"collection":[{"href":"https:\/\/www.phytonutriment.ca\/en\/wp-json\/wp\/v2\/pages"}],"about":[{"href":"https:\/\/www.phytonutriment.ca\/en\/wp-json\/wp\/v2\/types\/page"}],"author":[{"embeddable":true,"href":"https:\/\/www.phytonutriment.ca\/en\/wp-json\/wp\/v2\/users\/1"}],"replies":[{"embeddable":true,"href":"https:\/\/www.phytonutriment.ca\/en\/wp-json\/wp\/v2\/comments?post=4979"}],"version-history":[{"count":2,"href":"https:\/\/www.phytonutriment.ca\/en\/wp-json\/wp\/v2\/pages\/4979\/revisions"}],"predecessor-version":[{"id":13312,"href":"https:\/\/www.phytonutriment.ca\/en\/wp-json\/wp\/v2\/pages\/4979\/revisions\/13312"}],"wp:featuredmedia":[{"embeddable":true,"href":"https:\/\/www.phytonutriment.ca\/en\/wp-json\/wp\/v2\/media\/11994"}],"wp:attachment":[{"href":"https:\/\/www.phytonutriment.ca\/en\/wp-json\/wp\/v2\/media?parent=4979"}],"curies":[{"name":"wp","href":"https:\/\/api.w.org\/{rel}","templated":true}]}}