{"id":5900,"date":"2017-07-28T00:34:10","date_gmt":"2017-07-28T04:34:10","guid":{"rendered":"http:\/\/www.phytonutriment.ca\/?page_id=5900"},"modified":"2022-03-29T00:15:12","modified_gmt":"2022-03-29T04:15:12","slug":"articles-sur-la-sante-cerebrale","status":"publish","type":"page","link":"https:\/\/www.phytonutriment.ca\/en\/articles-sur-la-sante-cerebrale\/","title":{"rendered":"Articles sur la sant\u00e9 c\u00e9r\u00e9brale"},"content":{"rendered":"<div id=\"pl-5900\" class=\"panel-layout\">\n<div id=\"pg-5900-0\" class=\"panel-grid panel-no-style\">\n<div id=\"pgc-5900-0-0\" class=\"panel-grid-cell\" data-weight=\"1\">\n<div id=\"panel-5900-0-0-0\" class=\"so-panel widget widget_sow-editor panel-first-child panel-last-child\" data-index=\"0\" data-style=\"{&quot;padding&quot;:&quot;25px 25px 25px 25px&quot;,&quot;background&quot;:&quot;#edf2f2&quot;,&quot;background_image_attachment&quot;:false,&quot;background_display&quot;:&quot;tile&quot;}\">\n<div class=\"panel-widget-style panel-widget-style-for-5900-0-0-0\">\n<div class=\"so-widget-sow-editor so-widget-sow-editor-base\">\n<div class=\"siteorigin-widget-tinymce textwidget\">\n<p>Vous trouverez diff\u00e9rents articles concernant la sant\u00e9 c\u00e9r\u00e9brale.<\/p>\n<p>&nbsp;<\/p>\n<div class=\"pt-cv-wrapper\"><div class=\"pt-cv-view pt-cv-grid pt-cv-colsys\" id=\"pt-cv-view-9dd9c913im\"><div data-id=\"pt-cv-page-1\" class=\"pt-cv-page cv-npf\" data-cvc=\"2\"><div class=\"col-md-6 col-sm-6 col-xs-12 pt-cv-content-item pt-cv-1-col\" ><div class='pt-cv-ifield'><div class=\"pt-cv-no-post\">No posts found.<\/div><\/div><\/div><\/div><\/div><\/div>\n<p>&nbsp;<\/p>\n<\/div>\n<\/div>\n<\/div>\n<\/div>\n<\/div>\n<\/div>\n<\/div>","protected":false},"excerpt":{"rendered":"<p>Notre produit PC Cereboost + ginkgo + bleuet sauvage utilise une poudre de canneberge d\u00e9velopp\u00e9e par Naturex qui a fait l&rsquo;objet d&rsquo;essaies cliniques et d\u00e9montr\u00e9es des effets tr\u00e8s positifs sur le cerveau particuli\u00e8rement sur la capacit\u00e9 de la m\u00e9moire et celle du temps de r\u00e9action du cerveau. <\/p>","protected":false},"author":1,"featured_media":11299,"parent":0,"menu_order":0,"comment_status":"closed","ping_status":"closed","template":"","meta":{"colormag_page_container_layout":"default_layout","colormag_page_sidebar_layout":"default_layout","footnotes":""},"class_list":["post-5900","page","type-page","status-publish","has-post-thumbnail","hentry"],"_links":{"self":[{"href":"https:\/\/www.phytonutriment.ca\/en\/wp-json\/wp\/v2\/pages\/5900","targetHints":{"allow":["GET"]}}],"collection":[{"href":"https:\/\/www.phytonutriment.ca\/en\/wp-json\/wp\/v2\/pages"}],"about":[{"href":"https:\/\/www.phytonutriment.ca\/en\/wp-json\/wp\/v2\/types\/page"}],"author":[{"embeddable":true,"href":"https:\/\/www.phytonutriment.ca\/en\/wp-json\/wp\/v2\/users\/1"}],"replies":[{"embeddable":true,"href":"https:\/\/www.phytonutriment.ca\/en\/wp-json\/wp\/v2\/comments?post=5900"}],"version-history":[{"count":9,"href":"https:\/\/www.phytonutriment.ca\/en\/wp-json\/wp\/v2\/pages\/5900\/revisions"}],"predecessor-version":[{"id":11301,"href":"https:\/\/www.phytonutriment.ca\/en\/wp-json\/wp\/v2\/pages\/5900\/revisions\/11301"}],"wp:featuredmedia":[{"embeddable":true,"href":"https:\/\/www.phytonutriment.ca\/en\/wp-json\/wp\/v2\/media\/11299"}],"wp:attachment":[{"href":"https:\/\/www.phytonutriment.ca\/en\/wp-json\/wp\/v2\/media?parent=5900"}],"curies":[{"name":"wp","href":"https:\/\/api.w.org\/{rel}","templated":true}]}}