{"id":6721,"date":"2019-01-14T12:52:12","date_gmt":"2019-01-14T17:52:12","guid":{"rendered":"http:\/\/www.phytonutriment.ca\/?page_id=6721"},"modified":"2022-03-09T00:01:02","modified_gmt":"2022-03-09T05:01:02","slug":"nos-produits-c-b-formule-urinaire","status":"publish","type":"page","link":"https:\/\/www.phytonutriment.ca\/en\/nos-produits-c-b-formule-urinaire\/","title":{"rendered":"C&#038;B Formule Urinaire"},"content":{"rendered":"<div id=\"pl-6721\" class=\"panel-layout\">\n<div id=\"pg-6721-0\" class=\"panel-grid panel-no-style\" data-style=\"{&quot;background_image_attachment&quot;:false,&quot;background_display&quot;:&quot;tile&quot;,&quot;gutter&quot;:&quot;50px&quot;,&quot;cell_alignment&quot;:&quot;flex-start&quot;}\">\n<div id=\"pgc-6721-0-0\" class=\"panel-grid-cell\" data-style=\"{&quot;background_image_attachment&quot;:&quot;6692&quot;,&quot;background_image_attachment_fallback&quot;:false,&quot;background_display&quot;:&quot;tile&quot;,&quot;vertical_alignment&quot;:&quot;auto&quot;}\" data-weight=\"0.5\">\n<div class=\"panel-cell-style panel-cell-style-for-6721-0-0\">\n<div id=\"panel-6721-0-0-0\" class=\"so-panel widget widget_sow-headline panel-first-child panel-last-child\" data-index=\"0\" data-style=\"{&quot;background_image_attachment&quot;:false,&quot;background_display&quot;:&quot;cover&quot;}\">NOUVEAU &#8211;\u00a0 Le C&amp;B Formule Urinaire est un produit contre les infections urinaires r\u00e9currentes.\u00a0 C&rsquo;est un produit de pr\u00e9vention qui a \u00e9t\u00e9 test\u00e9 en clinique dont les r\u00e9sultats ont \u00e9t\u00e9 d\u00e9terminants.\u00a0 Le produit est prouv\u00e9 efficace avec une posologie quotidienne recommand\u00e9e de 1 \u00e0 2 cuill\u00e8re \u00e0 th\u00e9 par jour.<\/div>\n<\/div>\n<\/div>\n<\/div>\n<div id=\"pg-6721-1\" class=\"panel-grid panel-no-style\" data-style=\"{&quot;background_image_attachment&quot;:false,&quot;background_display&quot;:&quot;tile&quot;,&quot;gutter&quot;:&quot;60px&quot;,&quot;cell_alignment&quot;:&quot;flex-start&quot;}\">\n<div id=\"pgc-6721-1-0\" class=\"panel-grid-cell\" data-weight=\"0.5\">\n<div id=\"panel-6721-1-0-0\" class=\"so-panel widget widget_sow-editor panel-first-child\" data-index=\"2\" data-style=\"{&quot;padding&quot;:&quot;25px 25px 25px 25px&quot;,&quot;background&quot;:&quot;#ffeeed&quot;,&quot;background_image_attachment&quot;:false,&quot;background_display&quot;:&quot;parallax-original&quot;,&quot;border_color&quot;:&quot;#e8e8e8&quot;,&quot;margin&quot;:&quot;20px 20px 20px 20px&quot;}\">\n<div class=\"panel-widget-style panel-widget-style-for-6721-1-0-0\">\n<div class=\"so-widget-sow-editor so-widget-sow-editor-base\">\n<h3 class=\"widget-title\"><\/h3>\n<div class=\"siteorigin-widget-tinymce textwidget\">\n<h2><span style=\"color: #800000;\">G\u00c9N\u00c9RALIT\u00c9S<\/span><\/h2>\n<p style=\"text-align: justify;\">Les usages recommand\u00e9s accept\u00e9s par Sant\u00e9 Canada pour le C&amp;B Formule URINAIRE sont:<\/p>\n<ul style=\"text-align: justify;\">\n<li>Utilis\u00e9 en phytoth\u00e9rapie pour aider \u00e0 pr\u00e9venir les infections des voies urinaires.<\/li>\n<li>\u00a0Fourni des antioxydants pour le maintien d\u2019une bonne sant\u00e9<\/li>\n<\/ul>\n<p style=\"text-align: justify;\">Fait avec une poudre de canneberge am\u00e9ricaine (<em>vaccinium macrocarpon<\/em>) \u00e0 spectre entier (pelure, pulpe, p\u00e9pin et jus)\u00a0 PACRAN\u00ae, que l\u2019on m\u00e9lange \u00e0 du bleuet sauvage (<em>vaccinium angustifolium<\/em>). La poudre PACRAN\u00ae est normalis\u00e9e &gt; 1.5% proanthocyanes et son ratio de concentration est de 50\u2009:\u20091<\/p>\n<p style=\"text-align: justify;\">PACRAN\u00ae a fait l\u2019objet\u00a0<em>d\u2019essais cliniques sur les humains<\/em> et a d\u00e9montr\u00e9 qu\u2019une prise quotidienne de 500 mg pendant 180 jours <em>avait r\u00e9duit les r\u00e9cidives d\u2019infections urinaires de 58\u2009% par rapport au placebo.\u00a0\u00a0<\/em>Aucun risque ou effets secondaires ne furent identifi\u00e9s dans le test toxicologique habituel.\u00a0\u00a0Chacune des doses quotidiennes (2 cuill\u00e8res \u00e0 th\u00e9 (10ml ou 2 capsules) de C&amp;B Formule URINAIRE contient la m\u00eame quantit\u00e9 de Pacran\u00ae employ\u00e9e lors des essais cliniques soit 500 mg.<\/p>\n<p style=\"text-align: justify;\">Notre C&amp;B Formule Urinaire est disponible sous forme liquide (poudre de canneberge et jus de bleuet 100% pur) et sous forme solide (capsules de poudre de canneberge et poudre de bleuet)<\/p>\n<p style=\"text-align: justify;\">Posologie recommand\u00e9e :\u00a0 de 1 \u00e0 2 capsules\u2009ou 1 \u00e0 2\u2009cuill\u00e8res \u00e0 th\u00e9 par jour\u00a0\u00a0Il est \u00e0 noter que le produit liquide et les capsules peuvent \u00eatre pris en alternance.<\/p>\n<p style=\"text-align: center;\">\n<\/div>\n<\/div>\n<\/div>\n<\/div>\n<div id=\"panel-6721-1-0-1\" class=\"so-panel widget widget_sow-editor\" data-index=\"3\" data-style=\"{&quot;padding&quot;:&quot;25px 25px 25px 25px&quot;,&quot;background&quot;:&quot;#f9e8f2&quot;,&quot;background_image_attachment&quot;:false,&quot;background_display&quot;:&quot;tile&quot;,&quot;margin&quot;:&quot;20px 20px 20px 20px&quot;}\">\n<div class=\"panel-widget-style panel-widget-style-for-6721-1-0-1\">\n<div class=\"so-widget-sow-editor so-widget-sow-editor-base\">\n<h2 class=\"widget-title\" style=\"text-align: center;\"><span style=\"color: #800000;\">ESSAIS CLINIQUES<\/span><\/h2>\n<p style=\"text-align: justify;\"><img loading=\"lazy\" decoding=\"async\" class=\"size-thumbnail wp-image-11067 aligncenter\" src=\"https:\/\/www.phytonutriment.ca\/wp-content\/uploads\/2021\/10\/essais-clinique-sigle-150x150.png\" alt=\"sigle pour essais cliniques\" width=\"150\" height=\"150\" \/><\/p>\n<div class=\"siteorigin-widget-tinymce textwidget\">\n<p style=\"text-align: justify;\">Un essai clinique de 180 jours a \u00e9t\u00e9 men\u00e9 sur des femmes sujettes aux infections urinaires r\u00e9currentes.\u00a0 Apr\u00e8s une p\u00e9riode de 90 jours, on a constat\u00e9 chez le groupe de celles qui prenait Pacran\u00ae une r\u00e9duction de 36\u2009% des infections caus\u00e9es par la bact\u00e9rie E-Coli compar\u00e9 \u00e0 celles qui prenaient le placebo.<\/p>\n<p style=\"text-align: justify;\">Apr\u00e8s\u00a0180 jours, les r\u00e9sultats finaux de l\u2019\u00e9tude ont indiqu\u00e9 qu\u2019une dose quotidienne de 500 mg\u00a0avait r\u00e9duit les r\u00e9cidives de 58\u2009% par rapport au placebo.<\/p>\n<p style=\"text-align: justify;\">Durant ces m\u00eames essais cliniques, Pacran\u00ae a continu\u00e9 de d\u00e9montrer ses activit\u00e9s m\u00eame apr\u00e8s 24 heures, alors que l\u2019activit\u00e9 sur un extrait de canneberge fort en PAC (Pro Anthocianidins Content) \u00e0 lequel il \u00e9tait compar\u00e9, diminuait apr\u00e8s seulement 10 heures.<\/p>\n<\/div>\n<\/div>\n<\/div>\n<\/div>\n<div id=\"panel-6721-1-0-2\" class=\"so-panel widget widget_sow-editor\" data-index=\"4\" data-style=\"{&quot;padding&quot;:&quot;25px 25px 25px 25px&quot;,&quot;background&quot;:&quot;#f9deee&quot;,&quot;background_image_attachment&quot;:false,&quot;background_display&quot;:&quot;tile&quot;,&quot;margin&quot;:&quot;20px 20px 20px 20px&quot;}\">\n<div class=\"panel-widget-style panel-widget-style-for-6721-1-0-2\">\n<div class=\"so-widget-sow-editor so-widget-sow-editor-base\">\n<h3><\/h3>\n<h2 class=\"widget-title\"><span style=\"color: #800000;\">COMMENT C&rsquo;EST FAIT?<\/span><\/h2>\n<div class=\"siteorigin-widget-tinymce textwidget\">\n<p style=\"text-align: justify;\">C&amp;B FORMULE URINAIRE LIQUIDE est compos\u00e9 d\u2019un jus 100% pur de bleuet auquel on rajoute dans chaque posologie de 10 ml (2 cuill\u00e8res \u00e0 th\u00e9), exactement la m\u00eame\u00a0quantit\u00e9 de Pacran\u00ae retenue pour faire les essais cliniques soit 500 mg.\u00a0\u00a0Aucun agent de conservation ni autre additif.<\/p>\n<p style=\"text-align: justify;\">La forte concentration (50:1) de l\u2019ingr\u00e9dient m\u00e9dicinal Pacran\u00ae\u00a0 permet de limiter sa prise quotidienne \u00e0 10 ml \/ 2 cuill\u00e8res \u00e0 th\u00e9.\u00a0 Il est reconnu que les liquides sont mieux absorb\u00e9s par l&rsquo;organisme que les solides mais le C&amp;B Formule Urinaire a bon go\u00fbt.<\/p>\n<p style=\"text-align: justify;\">La FORMULE URINAIRE SOLIDE est tr\u00e8s semblable \u00e0 celle Liquide \u00e0 l\u2019exception que le jus est remplac\u00e9 par une poudre de bleuet tout ainsi enti\u00e8re (pulpe, pelure, p\u00e9pins, jus).\u00a0 \u00a0M\u00eame concentration en produit Pacran\u00ae soit 500 mg par posologie journali\u00e8re (2 capsules), quantit\u00e9 \u00e9gale \u00e0 celle qui fut employ\u00e9e pour effectuer les essais cliniques.<\/p>\n<\/div>\n<\/div>\n<\/div>\n<\/div>\n<div id=\"panel-6721-1-0-3\" class=\"so-panel widget widget_sow-editor\" data-index=\"5\" data-style=\"{&quot;padding&quot;:&quot;25px 25px 25px 25px&quot;,&quot;background&quot;:&quot;#f9cce7&quot;,&quot;background_image_attachment&quot;:false,&quot;background_display&quot;:&quot;tile&quot;,&quot;margin&quot;:&quot;20px 20px 20px 20px&quot;}\">\n<div class=\"panel-widget-style panel-widget-style-for-6721-1-0-3\">\n<div class=\"so-widget-sow-editor so-widget-sow-editor-base\">\n<h3><\/h3>\n<h2 class=\"widget-title\"><span style=\"color: #800000;\">EFFICACIT\u00c9 DU PRODUIT<\/span><\/h2>\n<div class=\"siteorigin-widget-tinymce textwidget\">\n<h3 style=\"text-align: justify;\"><img loading=\"lazy\" decoding=\"async\" class=\"wp-image-10917 alignleft\" src=\"https:\/\/www.phytonutriment.ca\/wp-content\/uploads\/2021\/09\/phytonutriment-canada-favicon-300-1.png\" alt=\"phytonutriment-canada-favicon-300\" width=\"92\" height=\"92\" \/>Pourquoi et comment C&amp;B Formule Urinaire peut \u00eatre efficace contre les infections urinaires r\u00e9currentes ?<\/h3>\n<p style=\"text-align: justify;\">On a longtemps cru que l\u2019origine de\u00a0la protection contre les cystites par la canneberge am\u00e9ricaine (vaccinium macrocarpon) \u00e9tait l\u2019acidification de l\u2019urine par cette derni\u00e8re.\u00a0 On croyait alors que la canneberge rendait l\u2019urine tellement acide que les bact\u00e9ries causant la majorit\u00e9 des infections urinaires ne pouvaient plus se d\u00e9velopper.\u00a0 Cette approche a \u00e9t\u00e9 jug\u00e9e boiteuse et des recherches suppl\u00e9mentaires ont mis \u00e0 jour\u00a0un m\u00e9canisme beaucoup plus complexe que celui de l\u2019acidification de l\u2019urine.\u00a0\u00a0Il est maintenant reconnu que la bact\u00e9rie Escherichia Coli (E-Coli) est la\u00a0plus souvent responsable des infections urinaires et que cette derni\u00e8re produit des constituants appel\u00e9s\u00a0adh\u00e9sines qui lui permettent d\u2019adh\u00e9rer aux tissus du syst\u00e8me urinaire.<\/p>\n<p style=\"text-align: justify;\">La communaut\u00e9 scientifique en g\u00e9n\u00e9ral est d\u2019avis que la canneberge am\u00e9ricaine (vaccinium macrocarpon) a une tr\u00e8s forte concentration en proanthocyanes de type A qui pr\u00e9viennent l\u2019adh\u00e9rence des bact\u00e9ries E-Coli sur les parois de la vessie\u00a0et de l\u2019ur\u00e8tre, de sorte qu\u2019elles sont excr\u00e9t\u00e9es en urinant.\u00a0 C\u2019est cette derni\u00e8re explication qui est g\u00e9n\u00e9ralement favoris\u00e9e aujourd\u2019hui.<\/p>\n<h2><\/h2>\n<h2 style=\"text-align: left;\"><span style=\"color: #800000;\">Les traitements \u00e0 base de canneberges pour pr\u00e9venir les infections urinaires sont-ils efficaces et faciles \u00e0 suivre ?<\/span><\/h2>\n<p style=\"text-align: justify;\">La grande majorit\u00e9 de ces traitements n\u00e9cessitent tous les jours l\u2019absorption d\u2019une grande quantit\u00e9 de produits de canneberge et sont pour la plupart rapidement abandonn\u00e9s.<\/p>\n<figure id=\"attachment_11085\" aria-describedby=\"caption-attachment-11085\" style=\"width: 347px\" class=\"wp-caption alignnone\"><a href=\"https:\/\/www.phytonutriment.ca\/en\/nos-produits-c-b-formule-urinaire\/grande-quantite-de-bouteilles-de-jus\/\"><img loading=\"lazy\" decoding=\"async\" class=\"wp-image-11085\" title=\"Bouteilles de jus de canneberge de diff\u00e9rents formats\" src=\"https:\/\/www.phytonutriment.ca\/wp-content\/uploads\/2021\/10\/grande-quantite-de-bouteilles-de-jus-e1633111268241.jpg\" alt=\"Grande quantit\u00e9 de bouteilles de jus de canneberge\" width=\"347\" height=\"229\" \/><\/a><figcaption id=\"caption-attachment-11085\" class=\"wp-caption-text\">Remplacez tout ces litres de jus ou cocktails de canneberge par seulement 2 cuill\u00e8re \u00e0 th\u00e9 de C&amp;B Formule Urinaire.<\/figcaption><\/figure>\n<p style=\"text-align: justify;\">Pour ce qui est des cocktails de jus de canneberge, leur faible concentration en produit de canneberge demande une telle quantit\u00e9 de consommation qu\u2019en pratique, cette approche est tr\u00e8s discutable. Il faut consid\u00e9rer tout le sucre et additifs que l\u2019on retrouve dans ces pr\u00e9parations.\u00a0 Pour ce qui est du jus pur \u00e0 100%, la quantit\u00e9 n\u00e9cessaire est aussi importante et le go\u00fbt du fruit fait que la majorit\u00e9 des consommateurs ajoutent au jus des agents sucrants. Et pour ce qui est des poudres de canneberge servies sous forme de capsules, rares sont celles faites de fruits entiers (pelure, pulpe, p\u00e9pins, jus).\u00a0 Une part tr\u00e8s importante de ces poudres est faite \u00e0 partir de jus.\u00a0\u00a0Comme la grande majorit\u00e9 des proanthocyanes et autres antioxydants tels les anthocyanes se retrouvent dans la peau, la pulpe et les noyaux du fruit, que reste-il aux cocktails, aux jus purs et aux poudres faites \u00e0 partir de jus de canneberge pour lutter contre les infections urinaires et autres maladies ?\u00a0\u00a0C\u2019est probablement la raison qui fait que les traitements sugg\u00e9r\u00e9s de jus ou cocktails \u00e0 base de canneberge sont si souvent remis en question.<\/p>\n<p>&nbsp;<\/p>\n<\/div>\n<\/div>\n<\/div>\n<\/div>\n<div id=\"panel-6721-1-0-4\" class=\"so-panel widget widget_sow-editor\" data-index=\"6\" data-style=\"{&quot;padding&quot;:&quot;25px 25px 25px 25px&quot;,&quot;background&quot;:&quot;#f9bbe0&quot;,&quot;background_image_attachment&quot;:false,&quot;background_display&quot;:&quot;tile&quot;,&quot;margin&quot;:&quot;20px 20px 20px 20px&quot;}\">\n<div class=\"panel-widget-style panel-widget-style-for-6721-1-0-4\">\n<div class=\"so-widget-sow-editor so-widget-sow-editor-base\">\n<h3 class=\"widget-title\"><span style=\"color: #800000;\">POUVOIRT ANTIOXYDANT\u00a0 \u00a0<\/span><\/h3>\n<div class=\"siteorigin-widget-tinymce textwidget\">\n<p style=\"text-align: justify;\">Les \u00ab\u00a0C&amp;B Formules Urinaires\u00a0\u00bb liquide et solide contiennent aussi de remarquables antioxydants.<\/p>\n<h3 class=\"widget-title\"><span style=\"color: #800000;\"><img loading=\"lazy\" decoding=\"async\" class=\"wp-image-8540 alignright\" src=\"https:\/\/www.phytonutriment.ca\/wp-content\/uploads\/2020\/04\/images-14-002-1-e1633112140716.jpg\" alt=\"Baies de bleuets et canneberges - Principalement utilis\u00e9es dans les formulation de produits de sant\u00e9 naturels de la gamme &quot;C&amp;B&quot; de Phytonutriment.ca\" width=\"143\" height=\"104\" srcset=\"https:\/\/www.phytonutriment.ca\/wp-content\/uploads\/2020\/04\/images-14-002-1-e1633112140716.jpg 472w, https:\/\/www.phytonutriment.ca\/wp-content\/uploads\/2020\/04\/images-14-002-1-e1633112140716-130x95.jpg 130w\" sizes=\"auto, (max-width: 143px) 100vw, 143px\" \/><\/span><\/h3>\n<p style=\"text-align: justify;\">Le bleuet sauvage et la canneberge am\u00e9ricaine sont des aliments dont la composition en phytonutriment est tr\u00e8s semblable.\u00a0 Par exemple, le bleuet sauvage est particuli\u00e8rement fort en anthocyanes et la canneberge am\u00e9ricaine en proanthocyanes.\u00a0 Par contre, le bleuet regorge aussi de proanthocyanes et la canneberge d\u2019anthocyanes.<\/p>\n<p style=\"text-align: justify;\">Les anthocyanes sont ces mol\u00e9cules reconnues pour \u00e9liminer les radicaux libres qui sont souvent la cause de certains cancers, de certaines maladies neuro-d\u00e9g\u00e9n\u00e9ratives tels l\u2019Alzheimer et le Parkinson et aussi de certaines maladies coronariennes.\u00a0 Les anthocyanes prot\u00e8gent aussi la vue et am\u00e9liorent la qualit\u00e9 de la peau.<\/p>\n<p style=\"text-align: justify;\">Chez la canneberge, c\u2019est particuli\u00e8rement sa forte teneur en proanthocyanes de type \u00ab\u00a0A\u00a0\u00bb qui retient l\u2019attention car ces derni\u00e8res permettent, entre autres, de diminuer les risques d\u2019infections urinaires et certaines maladies li\u00e9es \u00e0 la prostate.\u00a0 Cependant, le bleuet contient aussi beaucoup de proanthocyanes de type \u00ab\u00a0A\u00a0\u00bb.\u00a0\u00a0En amalgamant ces deux fruits, nous pensons donner \u00e0 notre C&amp;B Formule URINAIRE et C&amp;B Formule PROSTATE, une possible synergie.<\/p>\n<\/div>\n<\/div>\n<\/div>\n<\/div>\n<div id=\"panel-6721-1-0-5\" class=\"so-panel widget widget_sow-editor panel-last-child\" data-index=\"7\" data-style=\"{&quot;padding&quot;:&quot;25px 25px 25px 25px&quot;,&quot;background&quot;:&quot;#f9a7d8&quot;,&quot;background_image_attachment&quot;:false,&quot;background_display&quot;:&quot;tile&quot;,&quot;margin&quot;:&quot;20px 20px 20px 20px&quot;}\">\n<div class=\"panel-widget-style panel-widget-style-for-6721-1-0-5\">\n<div class=\"so-widget-sow-editor so-widget-sow-editor-base\">\n<h3><\/h3>\n<h3 class=\"widget-title\"><span style=\"color: #800000;\">RECOMMANDATIONS, PR\u00c9CAUTIONS ET AVERTISSEMENTS<\/span><\/h3>\n<div class=\"siteorigin-widget-tinymce textwidget\">\n<p style=\"text-align: justify;\">Consulter un professionnel de la sant\u00e9 avant d\u2019utiliser les produits si vous prenez des anticoagulants, si vous avez souffert de calculs\u00a0r\u00e9naux ou si les sympt\u00f4mes de l&rsquo;infection urinaire persistent ou s\u2019aggravent.<\/p>\n<ul>\n<li style=\"text-align: justify;\">Utilisez C&amp;B Formule Urinaire pendant\u00a0au moins quatre semaines afin de constater de meilleurs r\u00e9sultats.<\/li>\n<li style=\"text-align: justify;\">La dur\u00e9e de vie recommand\u00e9e du produit est de 24 mois dans le cas du produit liquide et de 36 mois pour la version solide.<\/li>\n<li style=\"text-align: justify;\">La formule liquide doit \u00eatre r\u00e9frig\u00e9r\u00e9e apr\u00e8s ouverture et bien agit\u00e9e avant d\u2018\u00eatre servie.<\/li>\n<li style=\"text-align: justify;\">Le produit liquide et le produit solide (capsules) peuvent \u00eatre pris en alternance.<\/li>\n<\/ul>\n<\/div>\n<\/div>\n<p>&nbsp;<\/p>\n<h4 style=\"text-align: justify;\">Vous trouverez toutes les informations concernant cette nouvelle Formule C&amp;B Urinaire dans le d\u00e9pliant ci-apr\u00e8s.\u00a0 Bonne lecture et nous vous invitons \u00e0 nous \u00e9crire vos commentaires ou questions.<\/h4>\n<\/div>\n<\/div>\n<\/div>\n<\/div>\n<\/div>\n<p>&nbsp;<\/p>\n<div id=\"pl-6721\" class=\"panel-layout\">\n<div id=\"pg-6721-1\" class=\"panel-grid panel-no-style\" data-style=\"{&quot;background_image_attachment&quot;:false,&quot;background_display&quot;:&quot;tile&quot;,&quot;gutter&quot;:&quot;60px&quot;,&quot;cell_alignment&quot;:&quot;flex-start&quot;}\">\n<div id=\"pgc-6721-1-1\" class=\"panel-grid-cell\" data-weight=\"0.5\">\n<a href=\"https:\/\/www.phytonutriment.ca\/wp-content\/uploads\/2021\/04\/PC-depli.-URIN.-FINAL-F.pdf\" class=\"pdfemb-viewer\" style=\"\" data-width=\"max\" data-height=\"max\" data-toolbar=\"bottom\" data-toolbar-fixed=\"on\">PC d\u00e9pli. URIN. FINAL F<\/a>\n<\/div>\n<\/div>\n<h5><\/h5>\n<h3><span style=\"color: #800000;\">Visitez notre boutique et d\u00e9couvrez nos autres produits tr\u00e8s innovateurs<\/span><\/h3>\n<p>&nbsp;<\/p>\n<p><a href=\"http:\/\/www.phytonutriment.ca\/en\/boutique\/\">http:\/\/www.phytonutriment.ca\/boutique\/<\/a><\/p>\n<div id=\"pg-6721-2\" class=\"panel-grid panel-has-style\" data-style=\"{&quot;background&quot;:&quot;#ededed&quot;,&quot;background_image_attachment&quot;:false,&quot;background_display&quot;:&quot;tile&quot;,&quot;cell_alignment&quot;:&quot;flex-start&quot;}\" data-ratio=\"1\" data-ratio-direction=\"right\">\n<div class=\"panel-row-style panel-row-style-for-6721-2\">\n<div id=\"pgc-6721-2-0\" class=\"panel-grid-cell\" data-weight=\"1\">\n<div id=\"panel-6721-2-0-0\" class=\"so-panel widget widget_ecwidlatestproducts panel-first-child panel-last-child\" data-index=\"14\" data-style=\"{&quot;background_image_attachment&quot;:false,&quot;background_display&quot;:&quot;tile&quot;}\"><\/div>\n<\/div>\n<\/div>\n<\/div>\n<\/div>","protected":false},"excerpt":{"rendered":"<p>Phytonutriment Canada vous offre 6 produits sous licence de Sant\u00e9 Canada.<\/p>\n<p>C&amp;B Formules Urinaires\u00a0 et les\u00a0 C&amp;B Formule Prostate<\/p>\n<p>Sous formes liquide et solide (capsules)[ecwid_product id=\"48444081\" display=\"picture title price options addtobag\" version=\"2\" show_border=\"1\" show_price_on_button=\"1\" center_align=\"1\"][ecwid_product id=\"127566837\" display=\"picture title price options addtobag\" version=\"2\" show_border=\"1\" show_price_on_button=\"1\" center_align=\"1\"][ecwid_product id=\"127566843\" display=\"picture title price options addtobag\" version=\"2\" show_border=\"1\" show_price_on_button=\"1\" center_align=\"1\"][ecwid_product id=\"127566844\" display=\"picture title price options addtobag\" version=\"2\" show_border=\"1\" show_price_on_button=\"1\" center_align=\"1\"]<\/p>\n<p>&lt;p&gt;Phytonutriment Canada vous offre 6 produits sous licence de Sant\u00e9 Canada.&lt;\/p&gt;<br \/>\n&lt;p&gt;C&amp;amp;B Formules Urinaires\u00a0 et les\u00a0 C&amp;amp;B Formule Prostate&lt;\/p&gt;<br \/>\n&lt;p&gt;Sous formes liquide et solide (capsules)[ecwid_product id=\"48444081\" display=\"picture title price options addtobag\" version=\"2\" show_border=\"1\" show_price_on_button=\"1\" center_align=\"1\"][ecwid_product id=\"127566837\" display=\"picture title price options addtobag\" version=\"2\" show_border=\"1\" show_price_on_button=\"1\" center_align=\"1\"][ecwid_product id=\"127566843\" display=\"picture title price options addtobag\" version=\"2\" show_border=\"1\" show_price_on_button=\"1\" center_align=\"1\"][ecwid_product id=\"127566844\" display=\"picture title price options addtobag\" version=\"2\" show_border=\"1\" show_price_on_button=\"1\" center_align=\"1\"]&lt;\/p&gt;<\/p>\n","protected":false},"author":1,"featured_media":11188,"parent":0,"menu_order":0,"comment_status":"closed","ping_status":"closed","template":"","meta":{"colormag_page_container_layout":"default_layout","colormag_page_sidebar_layout":"default_layout","footnotes":""},"class_list":["post-6721","page","type-page","status-publish","has-post-thumbnail","hentry"],"_links":{"self":[{"href":"https:\/\/www.phytonutriment.ca\/en\/wp-json\/wp\/v2\/pages\/6721","targetHints":{"allow":["GET"]}}],"collection":[{"href":"https:\/\/www.phytonutriment.ca\/en\/wp-json\/wp\/v2\/pages"}],"about":[{"href":"https:\/\/www.phytonutriment.ca\/en\/wp-json\/wp\/v2\/types\/page"}],"author":[{"embeddable":true,"href":"https:\/\/www.phytonutriment.ca\/en\/wp-json\/wp\/v2\/users\/1"}],"replies":[{"embeddable":true,"href":"https:\/\/www.phytonutriment.ca\/en\/wp-json\/wp\/v2\/comments?post=6721"}],"version-history":[{"count":139,"href":"https:\/\/www.phytonutriment.ca\/en\/wp-json\/wp\/v2\/pages\/6721\/revisions"}],"predecessor-version":[{"id":11193,"href":"https:\/\/www.phytonutriment.ca\/en\/wp-json\/wp\/v2\/pages\/6721\/revisions\/11193"}],"wp:featuredmedia":[{"embeddable":true,"href":"https:\/\/www.phytonutriment.ca\/en\/wp-json\/wp\/v2\/media\/11188"}],"wp:attachment":[{"href":"https:\/\/www.phytonutriment.ca\/en\/wp-json\/wp\/v2\/media?parent=6721"}],"curies":[{"name":"wp","href":"https:\/\/api.w.org\/{rel}","templated":true}]}}