{"id":6919,"date":"2019-01-22T12:42:09","date_gmt":"2019-01-22T17:42:09","guid":{"rendered":"http:\/\/www.phytonutriment.ca\/?page_id=6919"},"modified":"2022-03-09T00:05:45","modified_gmt":"2022-03-09T05:05:45","slug":"nutrition","status":"publish","type":"page","link":"https:\/\/www.phytonutriment.ca\/en\/nutrition\/","title":{"rendered":"Nutrition"},"content":{"rendered":"<div id=\"pl-6919\"  class=\"panel-layout\">\n<div id=\"pg-6919-0\"  class=\"panel-grid panel-no-style\">\n<div id=\"pgc-6919-0-0\"  class=\"panel-grid-cell\"  data-weight=\"1\">\n<div id=\"panel-6919-0-0-0\" class=\"so-panel widget widget_sow-editor panel-first-child panel-last-child\" data-index=\"0\" data-style=\"{&quot;padding&quot;:&quot;30px 30px 30px 30px&quot;,&quot;background&quot;:&quot;#ddd7c3&quot;,&quot;background_image_attachment&quot;:false,&quot;background_display&quot;:&quot;tile&quot;,&quot;margin&quot;:&quot;20px 20px 20px 20px&quot;}\">\n<div class=\"panel-widget-style panel-widget-style-for-6919-0-0-0\">\n<div class=\"so-widget-sow-editor so-widget-sow-editor-base\">\n<h3 class=\"widget-title\">Nutrition<\/h3>\n<div class=\"siteorigin-widget-tinymce textwidget\">\n<p><strong><span style=\"color: #800000;\">La nutrition telle que d\u00e9finie par Wikipedia:<\/span><\/strong><\/p>\n<p id=\"firstHeading\" class=\"firstHeading\" lang=\"fr\" style=\"text-align: justify;\">La\u00a0<b style=\"text-align: justify; font-size: 16px;\">nutrition<\/b><span style=\"text-align: justify; font-size: 16px;\">\u00a0(du latin\u00a0<\/span><i style=\"text-align: justify; font-size: 16px;\">nutrire<\/i><span style=\"text-align: justify; font-size: 16px;\">\u00a0: nourrir) est l&rsquo;ensemble des processus par lesquels un \u00eatre vivant transforme des\u00a0aliments\u00a0pour assurer son fonctionnement. La nutrition est \u00e9galement une science\u00a0pluridisciplinaire, comportant deux grands axes. D&rsquo;une part, la\u00a0physiologie\u00a0de la nutrition traite de la fa\u00e7on dont l&rsquo;organisme op\u00e8re la transformation des aliments, c&rsquo;est-\u00e0-dire des processus m\u00e9taboliques.\u00a0 Ceci comporte l&rsquo;\u00e9tude du r\u00f4le des\u00a0macronutriments\u00a0et des\u00a0micronutriments\u00a0au niveau des m\u00e9canismes biochimiques cellulaires, et les cons\u00e9quences sur les tissus d&rsquo;un d\u00e9s\u00e9quilibre entre l&rsquo;\u00e9nergie absorb\u00e9e et l\u2019\u00e9nergie d\u00e9pens\u00e9e par l&rsquo;organisme. D&rsquo;autre part, la psychologie de la nutrition analyse le comportement alimentaire de l&rsquo;individu ou du groupe. Elle met l&rsquo;accent sur des questions telles que \u00ab\u00a0pourquoi mangeons-nous\u00a0?\u00a0\u00bb ou \u00ab\u00a0comment choisissons-nous nos aliments\u00a0?\u00a0\u00bb. Chez l&rsquo;homme, ces questions sont en rapport avec des facteurs environnementaux tels que l&rsquo;environnement construit, les m\u00e9dias et politiques de sant\u00e9, ainsi qu&rsquo;avec ses particularit\u00e9s tels que ses revenus ou sa culture.<\/span><\/p>\n<div><\/div>\n<p>&nbsp;<\/p>\n<\/div>\n<\/div>\n<\/div>\n<\/div>\n<\/div>\n<\/div>\n<div id=\"pg-6919-1\"  class=\"panel-grid panel-has-style\"  data-style=\"{&quot;background&quot;:&quot;#e2c15d&quot;,&quot;background_image_attachment&quot;:false,&quot;background_display&quot;:&quot;tile&quot;,&quot;cell_alignment&quot;:&quot;flex-start&quot;}\"  data-ratio=\"1\"  data-ratio-direction=\"right\">\n<div class=\"panel-row-style panel-row-style-for-6919-1\">\n<div id=\"pgc-6919-1-0\"  class=\"panel-grid-cell\"  data-weight=\"1\">\n<div id=\"panel-6919-1-0-0\" class=\"so-panel widget widget_sow-editor panel-first-child panel-last-child\" data-index=\"1\" data-style=\"{&quot;padding&quot;:&quot;25px 25px 25px 25px&quot;,&quot;background&quot;:&quot;#ddd6be&quot;,&quot;background_image_attachment&quot;:false,&quot;background_display&quot;:&quot;tile&quot;,&quot;border_color&quot;:&quot;#dbdbdb&quot;}\">\n<div class=\"panel-widget-style panel-widget-style-for-6919-1-0-0\">\n<div class=\"so-widget-sow-editor so-widget-sow-editor-base\">\n<h3 class=\"widget-title\">Articles divers sur la nutrition<\/h3>\n<div class=\"siteorigin-widget-tinymce textwidget\">\n<div><\/div>\n<div class=\"pt-cv-wrapper\"><div class=\"pt-cv-view pt-cv-grid pt-cv-colsys\" id=\"pt-cv-view-4b44b33kvi\"><div data-id=\"pt-cv-page-1\" class=\"pt-cv-page cv-npf\" data-cvc=\"3\"><div class=\"col-md-4 col-sm-6 col-xs-12 pt-cv-content-item pt-cv-1-col\" ><div class='pt-cv-ifield'><div class=\"pt-cv-no-post\">No posts found.<\/div><\/div><\/div><\/div><\/div><\/div>\n<\/div>\n<\/div>\n<\/div>\n<\/div>\n<\/div>\n<\/div>\n<\/div>\n<\/div>","protected":false},"excerpt":{"rendered":"<p>Nutrition La nutrition telle que d\u00e9finie par Wikipedia: La\u00a0nutrition\u00a0(du latin\u00a0nutrire\u00a0: nourrir) est l&rsquo;ensemble des processus par lesquels un \u00eatre vivant<\/p>","protected":false},"author":1,"featured_media":6925,"parent":0,"menu_order":0,"comment_status":"closed","ping_status":"closed","template":"","meta":{"colormag_page_container_layout":"default_layout","colormag_page_sidebar_layout":"default_layout","footnotes":""},"class_list":["post-6919","page","type-page","status-publish","has-post-thumbnail","hentry"],"_links":{"self":[{"href":"https:\/\/www.phytonutriment.ca\/en\/wp-json\/wp\/v2\/pages\/6919","targetHints":{"allow":["GET"]}}],"collection":[{"href":"https:\/\/www.phytonutriment.ca\/en\/wp-json\/wp\/v2\/pages"}],"about":[{"href":"https:\/\/www.phytonutriment.ca\/en\/wp-json\/wp\/v2\/types\/page"}],"author":[{"embeddable":true,"href":"https:\/\/www.phytonutriment.ca\/en\/wp-json\/wp\/v2\/users\/1"}],"replies":[{"embeddable":true,"href":"https:\/\/www.phytonutriment.ca\/en\/wp-json\/wp\/v2\/comments?post=6919"}],"version-history":[{"count":1,"href":"https:\/\/www.phytonutriment.ca\/en\/wp-json\/wp\/v2\/pages\/6919\/revisions"}],"predecessor-version":[{"id":12606,"href":"https:\/\/www.phytonutriment.ca\/en\/wp-json\/wp\/v2\/pages\/6919\/revisions\/12606"}],"wp:featuredmedia":[{"embeddable":true,"href":"https:\/\/www.phytonutriment.ca\/en\/wp-json\/wp\/v2\/media\/6925"}],"wp:attachment":[{"href":"https:\/\/www.phytonutriment.ca\/en\/wp-json\/wp\/v2\/media?parent=6919"}],"curies":[{"name":"wp","href":"https:\/\/api.w.org\/{rel}","templated":true}]}}